{"id":613,"date":"2024-10-20T16:12:39","date_gmt":"2024-10-20T16:12:39","guid":{"rendered":"https:\/\/europascene.eu\/?page_id=613"},"modified":"2025-03-06T13:08:14","modified_gmt":"2025-03-06T13:08:14","slug":"mentions-legales","status":"publish","type":"page","link":"https:\/\/europascene.eu\/de\/mentions-legales\/","title":{"rendered":"Mentions l\u00e9gales"},"content":{"rendered":"<div class=\"wp-block-stackable-columns alignfull stk-block-columns stk-block stk-b597626 stk-block-background\" data-block-id=\"b597626\"><style>.stk-b597626 {background-color:var(--theme-palette-color-6, #f2f5f7) !important;padding-right:15% !important;padding-left:15% !important;}.stk-b597626:before{background-color:var(--theme-palette-color-6, #f2f5f7) !important;}<\/style><div class=\"stk-row stk-inner-blocks stk-block-content stk-content-align stk-b597626-column alignfull\">\n<div class=\"wp-block-stackable-column stk-block-column stk-column stk-block stk-cf3ab24\" data-v=\"4\" data-block-id=\"cf3ab24\"><div class=\"stk-column-wrapper stk-block-column__content stk-container stk-cf3ab24-container stk--no-background stk--no-padding\"><div class=\"stk-block-content stk-inner-blocks stk-cf3ab24-inner-blocks\">\n<div class=\"wp-block-stackable-heading stk-block-heading stk-block-heading--v2 stk-block stk-979204f\" id=\"mentions-le\" data-block-id=\"979204f\"><style>.stk-979204f {margin-top:100px !important;margin-bottom:10px !important;}.stk-979204f .stk-block-heading__text{font-size:50px !important;color:var(--theme-palette-color-4, #000000) !important;line-height:1em !important;}@media screen and (max-width:999px){.stk-979204f .stk-block-heading__text{font-size:50px !important;}}@media screen and (max-width:689px){.stk-979204f .stk-block-heading__text{line-height:1em !important;}}<\/style><h1 class=\"stk-block-heading__text has-text-color has-text-align-center\">MENTIONS L\u00c9GALES<\/h1><\/div>\n\n\n\n<div class=\"wp-block-stackable-text stk-block-text stk-block stk-fb2856a\" data-block-id=\"fb2856a\"><style>.stk-fb2856a {margin-bottom:70px !important;}.stk-fb2856a .stk-block-text__text{color:var(--theme-palette-color-4, #000000) !important;}@media screen and (max-width:689px){.stk-fb2856a .stk-block-text__text{font-size:15px !important;}}<\/style><p class=\"stk-block-text__text has-text-color has-text-align-center\">En vigueur au 20\/10\/2024<\/p><\/div>\n\n\n\n<div class=\"wp-block-stackable-text stk-block-text stk-block stk-02af4f6\" data-block-id=\"02af4f6\"><style>.stk-02af4f6 .stk-block-text__text{color:var(--theme-palette-color-4, #000000) !important;}@media screen and (max-width:689px){.stk-02af4f6 .stk-block-text__text{font-size:15px !important;}}<\/style><p class=\"stk-block-text__text has-text-color\">Conform\u00e9ment aux dispositions de la loi n\u00b02004-575 du 21 juin 2004 pour la Confiance en l\u2019\u00e9conomie<br>num\u00e9rique, il est port\u00e9 \u00e0 la connaissance des utilisateurs et visiteurs, ci-apr\u00e8s l&rsquo; \u00ab\u00a0<strong>Utilisateur<\/strong>\u00ab\u00a0, du site<br>https:\/\/europascene.eu , ci-apr\u00e8s le \u00ab\u00a0<strong>Site<\/strong>\u00ab\u00a0, les pr\u00e9sentes mentions l\u00e9gales.<\/p><\/div>\n\n\n\n<div class=\"wp-block-stackable-text stk-block-text stk-block stk-7a50496\" data-block-id=\"7a50496\"><style>.stk-7a50496 .stk-block-text__text{color:var(--theme-palette-color-4, #000000) !important;}@media screen and (max-width:689px){.stk-7a50496 .stk-block-text__text{font-size:15px !important;}}<\/style><p class=\"stk-block-text__text has-text-color\">La connexion et la navigation sur le Site par l\u2019Utilisateur implique acceptation int\u00e9grale et sans<br>r\u00e9serve des pr\u00e9sentes mentions l\u00e9gales.<\/p><\/div>\n\n\n\n<div class=\"wp-block-stackable-text stk-block-text stk-block stk-9a83a0b\" data-block-id=\"9a83a0b\"><style>.stk-9a83a0b .stk-block-text__text{color:var(--theme-palette-color-4, #000000) !important;}@media screen and (max-width:689px){.stk-9a83a0b .stk-block-text__text{font-size:15px !important;}}<\/style><p class=\"stk-block-text__text has-text-color\">Ces derni\u00e8res sont accessibles sur le Site \u00e0 la rubrique \u00ab\u00a0<strong>Mentions l\u00e9gales<\/strong>\u00ab\u00a0.<\/p><\/div>\n\n\n\n<div class=\"wp-block-stackable-heading stk-block-heading stk-block-heading--v2 stk-block stk-2d9a8b1\" id=\"edition-du-site\" data-block-id=\"2d9a8b1\"><style>.stk-2d9a8b1 {margin-bottom:10px !important;}.stk-2d9a8b1 .stk-block-heading__text{font-size:50px !important;color:var(--theme-palette-color-4, #000000) !important;}@media screen and (max-width:999px){.stk-2d9a8b1 .stk-block-heading__text{font-size:50px !important;}}@media screen and (max-width:689px){.stk-2d9a8b1 .stk-block-heading__text{font-size:30px !important;line-height:1em !important;}}<\/style><h2 class=\"stk-block-heading__text has-text-color\">EDITION DU SITE<\/h2><\/div>\n\n\n\n<div class=\"wp-block-stackable-text stk-block-text stk-block stk-dd81ce5\" data-block-id=\"dd81ce5\"><style>.stk-dd81ce5 .stk-block-text__text{color:var(--theme-palette-color-4, #000000) !important;}@media screen and (max-width:689px){.stk-dd81ce5 .stk-block-text__text{font-size:15px !important;}}<\/style><p class=\"stk-block-text__text has-text-color\">L&rsquo;\u00e9dition du Site est assur\u00e9e par la soci\u00e9t\u00e9 LES ALTERNATEURS, SASU au capital de 50000 euros,<br>immatricul\u00e9e au Registre du Commerce et des Soci\u00e9t\u00e9s de Paris sous le num\u00e9ro 892823139 dont le<br>si\u00e8ge social est situ\u00e9 au 68 RUE DES BERGERS, 75015 PARIS,<\/p><\/div>\n\n\n\n<div class=\"wp-block-stackable-text stk-block-text stk-block stk-786b9af\" data-block-id=\"786b9af\"><style>.stk-786b9af .stk-block-text__text{color:var(--theme-palette-color-4, #000000) !important;}@media screen and (max-width:689px){.stk-786b9af .stk-block-text__text{font-size:15px !important;}}<\/style><p class=\"stk-block-text__text has-text-color\">&gt; <strong>Num\u00e9ro de t\u00e9l\u00e9phone<\/strong> : 0140608886<br>&gt; <strong>Adresse e-mail<\/strong> : contact@lesalternateurs.fr.<br>&gt; <strong>N\u00b0 de TVA intracommunautaire<\/strong> : FR87892823139<br>&gt; <strong>Directeur de la publication<\/strong> : MANIFESTORY<br><br>ci-apr\u00e8s l'\u00a0\u00bb<strong>Editeur<\/strong>\u00ab\u00a0.<\/p><\/div>\n\n\n\n<div class=\"wp-block-stackable-heading stk-block-heading stk-block-heading--v2 stk-block stk-1a2b840\" id=\"hebergeur\" data-block-id=\"1a2b840\"><style>.stk-1a2b840 {margin-bottom:10px !important;}.stk-1a2b840 .stk-block-heading__text{font-size:50px !important;color:var(--theme-palette-color-4, #000000) !important;}@media screen and (max-width:999px){.stk-1a2b840 .stk-block-heading__text{font-size:50px !important;}}@media screen and (max-width:689px){.stk-1a2b840 .stk-block-heading__text{font-size:30px !important;}}<\/style><h2 class=\"stk-block-heading__text has-text-color\">HEBERGEUR<\/h2><\/div>\n\n\n\n<div class=\"wp-block-stackable-text stk-block-text stk-block stk-5064f30\" data-block-id=\"5064f30\"><style>.stk-5064f30 .stk-block-text__text{color:var(--theme-palette-color-4, #000000) !important;}@media screen and (max-width:689px){.stk-5064f30 .stk-block-text__text{font-size:15px !important;}}<\/style><p class=\"stk-block-text__text has-text-color\">L&rsquo;h\u00e9bergeur du Site est la soci\u00e9t\u00e9 IONOS SARL, dont le si\u00e8ge social est situ\u00e9 au 7, place de la Gare<br>57200 Sarreguemines . Le num\u00e9ro de t\u00e9l\u00e9phone de l&rsquo;h\u00e9bergeur est le 0970808911.<\/p><\/div>\n\n\n\n<div class=\"wp-block-stackable-heading stk-block-heading stk-block-heading--v2 stk-block stk-c822283\" id=\"acces-au-site\" data-block-id=\"c822283\"><style>.stk-c822283 {margin-bottom:10px !important;}.stk-c822283 .stk-block-heading__text{font-size:50px !important;color:var(--theme-palette-color-4, #000000) !important;}@media screen and (max-width:999px){.stk-c822283 .stk-block-heading__text{font-size:50px !important;}}@media screen and (max-width:689px){.stk-c822283 .stk-block-heading__text{font-size:30px !important;}}<\/style><h2 class=\"stk-block-heading__text has-text-color\">ACCES AU SITE<\/h2><\/div>\n\n\n\n<div class=\"wp-block-stackable-text stk-block-text stk-block stk-8b84eeb\" data-block-id=\"8b84eeb\"><style>.stk-8b84eeb .stk-block-text__text{color:var(--theme-palette-color-4, #000000) !important;}@media screen and (max-width:689px){.stk-8b84eeb .stk-block-text__text{font-size:15px !important;}}<\/style><p class=\"stk-block-text__text has-text-color\">Le Site est normalement accessible, \u00e0 tout moment, \u00e0 l&rsquo;Utilisateur. Toutefois, l&rsquo;Editeur pourra, \u00e0 tout moment, suspendre, limiter ou interrompre le Site afin de proc\u00e9der, notamment, \u00e0 des mises \u00e0 jour ou des modifications de son contenu. L&rsquo;Editeur ne pourra en aucun cas \u00eatre tenu responsable des cons\u00e9quences \u00e9ventuelles de cette indisponibilit\u00e9 sur les activit\u00e9s de l&rsquo;Utilisateur.<br><br>ci-apr\u00e8s l'\u00a0\u00bb<strong>Editeur<\/strong>\u00ab\u00a0.<\/p><\/div>\n\n\n\n<div class=\"wp-block-stackable-heading stk-block-heading stk-block-heading--v2 stk-block stk-b43a784\" id=\"collecte-des-donnees\" data-block-id=\"b43a784\"><style>.stk-b43a784 {margin-bottom:10px !important;}.stk-b43a784 .stk-block-heading__text{font-size:50px !important;color:var(--theme-palette-color-4, #000000) !important;}@media screen and (max-width:999px){.stk-b43a784 .stk-block-heading__text{font-size:50px !important;}}@media screen and (max-width:689px){.stk-b43a784 .stk-block-heading__text{font-size:30px !important;line-height:1em !important;}}<\/style><h2 class=\"stk-block-heading__text has-text-color\">COLLECTE DES DONNEES<\/h2><\/div>\n\n\n\n<div class=\"wp-block-stackable-text stk-block-text stk-block stk-35f418a\" data-block-id=\"35f418a\"><style>.stk-35f418a .stk-block-text__text{color:var(--theme-palette-color-4, #000000) !important;}@media screen and (max-width:689px){.stk-35f418a .stk-block-text__text{font-size:15px !important;}}<\/style><p class=\"stk-block-text__text has-text-color\">Le Site assure \u00e0 l&rsquo;Utilisateur une collecte et un traitement des donn\u00e9es personnelles dans le respect de la vie priv\u00e9e conform\u00e9ment \u00e0 la loi n\u00b078-17 du 6 janvier 1978 relative \u00e0 l&rsquo;informatique, aux fichiers aux libert\u00e9s et dans le respect de la r\u00e8glementation applicable en mati\u00e8re de traitement des donn\u00e9es<br>\u00e0 caract\u00e8re personnel conform\u00e9ment au r\u00e8glement (UE) 2016\/679 du Parlement europ\u00e9en et du Conseil du 27 avril 2016 (ci-apr\u00e8s, ensemble, la \u00ab\u00a0<strong>R\u00e8glementation applicable en mati\u00e8re de protection des Donn\u00e9es \u00e0 caract\u00e8re personnel<\/strong>\u00ab\u00a0).<br><br>En vertu de la R\u00e8glementation applicable en mati\u00e8re de protection des Donn\u00e9es \u00e0 caract\u00e8re personnel, l&rsquo;Utilisateur dispose d&rsquo;un droit d&rsquo;acc\u00e8s, de rectification, de suppression et d&rsquo;opposition de ses donn\u00e9es personnelles. L&rsquo;Utilisateur peut exercer ce droit :<br><br>&#8211; par mail \u00e0 l&rsquo;adresse email contact@europascene.eu<br><br>Toute utilisation, reproduction, diffusion, commercialisation, modification de toute ou partie du Site, sans autorisation expresse de l\u2019Editeur est prohib\u00e9e et pourra entra\u00eener des actions et poursuites judiciaires telles que pr\u00e9vues par la r\u00e8glementation en vigueur.<\/p><\/div>\n\n\n\n<div class=\"wp-block-stackable-heading stk-block-heading stk-block-heading--v2 stk-block stk-3513ec8\" id=\"prestataires\" data-block-id=\"3513ec8\"><style>.stk-3513ec8 {margin-bottom:10px !important;}.stk-3513ec8 .stk-block-heading__text{font-size:50px !important;color:var(--theme-palette-color-4, #000000) !important;}@media screen and (max-width:999px){.stk-3513ec8 .stk-block-heading__text{font-size:50px !important;}}@media screen and (max-width:689px){.stk-3513ec8 .stk-block-heading__text{font-size:30px !important;}}<\/style><h2 class=\"stk-block-heading__text has-text-color\">PRESTATAIRES<\/h2><\/div>\n\n\n\n<div class=\"wp-block-stackable-text stk-block-text stk-block stk-75a7b28\" data-block-id=\"75a7b28\"><style>.stk-75a7b28 .stk-block-text__text{color:var(--theme-palette-color-4, #000000) !important;}@media screen and (max-width:689px){.stk-75a7b28 .stk-block-text__text{font-size:15px !important;}}<\/style><p class=\"stk-block-text__text has-text-color\"><strong>D\u00e9veloppement<\/strong><br>Thomas PROVOST EI<br>92759508200011<br>France<\/p><\/div>\n\n\n\n<div class=\"wp-block-stackable-heading stk-block-heading stk-block-heading--v2 stk-block stk-881ff0e\" id=\"gestionnaire-des-statistiques\" data-block-id=\"881ff0e\"><style>.stk-881ff0e {margin-bottom:10px !important;}.stk-881ff0e .stk-block-heading__text{font-size:50px !important;color:var(--theme-palette-color-4, #000000) !important;}@media screen and (max-width:999px){.stk-881ff0e .stk-block-heading__text{font-size:50px !important;}}@media screen and (max-width:689px){.stk-881ff0e .stk-block-heading__text{font-size:30px !important;line-height:1em !important;}}<\/style><h2 class=\"stk-block-heading__text has-text-color\">GESTIONNAIRE DES STATISTIQUES<\/h2><\/div>\n\n\n\n<div class=\"wp-block-stackable-text stk-block-text stk-block stk-c79e75d\" data-block-id=\"c79e75d\"><style>.stk-c79e75d .stk-block-text__text{color:var(--theme-palette-color-4, #000000) !important;}@media screen and (max-width:689px){.stk-c79e75d .stk-block-text__text{font-size:15px !important;}}<\/style><p class=\"stk-block-text__text has-text-color\">Google Analytics<\/p><\/div>\n\n\n\n<div class=\"wp-block-stackable-heading stk-block-heading stk-block-heading--v2 stk-block stk-bfb36d1\" id=\"droits-dauteur-et-droits-de-reproduction-du-contenu-mis-en-ligne\" data-block-id=\"bfb36d1\"><style>.stk-bfb36d1 {margin-bottom:10px !important;}.stk-bfb36d1 .stk-block-heading__text{font-size:50px !important;color:var(--theme-palette-color-4, #000000) !important;}@media screen and (max-width:999px){.stk-bfb36d1 .stk-block-heading__text{font-size:50px !important;}}@media screen and (max-width:689px){.stk-bfb36d1 .stk-block-heading__text{font-size:30px !important;line-height:1em !important;}}<\/style><h2 class=\"stk-block-heading__text has-text-color\">DROITS D&rsquo;AUTEUR ET DROITS DE REPRODUCTION DU CONTENU MIS EN LIGNE<\/h2><\/div>\n\n\n\n<div class=\"wp-block-stackable-text stk-block-text stk-block stk-2cbc19f\" data-block-id=\"2cbc19f\"><style>.stk-2cbc19f {margin-bottom:50px !important;}.stk-2cbc19f .stk-block-text__text{color:var(--theme-palette-color-4, #000000) !important;}@media screen and (max-width:689px){.stk-2cbc19f .stk-block-text__text{font-size:15px !important;}}<\/style><p class=\"stk-block-text__text has-text-color\">Tous les contenus pr\u00e9sents sur le site www.europascene.eu sont couverts par le droit d&rsquo;auteur. Toute reprise est d\u00e8s lors conditionn\u00e9e \u00e0 l&rsquo;accord de l&rsquo;auteur en vertu de l&rsquo;article L.122-4 du Code de la Propri\u00e9t\u00e9 Intellectuelle. Toutes les photographies mises en ligne sont la propri\u00e9t\u00e9 de leur auteur et ne peuvent \u00eatre reproduites librement sans son autorisation.<\/p><\/div>\n<\/div><\/div><\/div>\n<\/div><\/div>","protected":false},"excerpt":{"rendered":"<p>MENTIONS L\u00c9GALES En vigueur au 20\/10\/2024 Conform\u00e9ment aux dispositions de la loi n\u00b02004-575 du 21 juin 2004 pour la Confiance en l\u2019\u00e9conomienum\u00e9rique, il est port\u00e9 \u00e0 la connaissance des utilisateurs et visiteurs, ci-apr\u00e8s l&rsquo; \u00ab\u00a0Utilisateur\u00ab\u00a0, du sitehttps:\/\/europascene.eu , ci-apr\u00e8s le \u00ab\u00a0Site\u00ab\u00a0, les pr\u00e9sentes mentions l\u00e9gales. La connexion et la navigation sur le Site par l\u2019Utilisateur [&hellip;]<\/p>\n","protected":false},"author":1,"featured_media":0,"parent":0,"menu_order":0,"comment_status":"closed","ping_status":"closed","template":"","meta":{"footnotes":""},"class_list":["post-613","page","type-page","status-publish","hentry"],"blocksy_meta":[],"_links":{"self":[{"href":"https:\/\/europascene.eu\/de\/wp-json\/wp\/v2\/pages\/613","targetHints":{"allow":["GET"]}}],"collection":[{"href":"https:\/\/europascene.eu\/de\/wp-json\/wp\/v2\/pages"}],"about":[{"href":"https:\/\/europascene.eu\/de\/wp-json\/wp\/v2\/types\/page"}],"author":[{"embeddable":true,"href":"https:\/\/europascene.eu\/de\/wp-json\/wp\/v2\/users\/1"}],"replies":[{"embeddable":true,"href":"https:\/\/europascene.eu\/de\/wp-json\/wp\/v2\/comments?post=613"}],"version-history":[{"count":9,"href":"https:\/\/europascene.eu\/de\/wp-json\/wp\/v2\/pages\/613\/revisions"}],"predecessor-version":[{"id":803,"href":"https:\/\/europascene.eu\/de\/wp-json\/wp\/v2\/pages\/613\/revisions\/803"}],"wp:attachment":[{"href":"https:\/\/europascene.eu\/de\/wp-json\/wp\/v2\/media?parent=613"}],"curies":[{"name":"wp","href":"https:\/\/api.w.org\/{rel}","templated":true}]}}