{"id":141,"date":"2024-02-26T16:03:33","date_gmt":"2024-02-26T16:03:33","guid":{"rendered":"https:\/\/europascene.eu\/?page_id=141"},"modified":"2024-04-23T14:51:32","modified_gmt":"2024-04-23T14:51:32","slug":"partenaires","status":"publish","type":"page","link":"https:\/\/europascene.eu\/de\/partenaires\/","title":{"rendered":"Partner"},"content":{"rendered":"<div class=\"wp-block-stackable-columns alignfull stk-block-columns stk-block stk-92bc038 stk-block-background stk--has-background-overlay\" data-block-id=\"92bc038\"><style>.stk-92bc038{background-image:url(https:\/\/europascene.eu\/wp-content\/uploads\/2024\/02\/jam_illustration.png) !important;margin-bottom:0px !important}@media screen and (max-width:689px){.stk-92bc038{background-position:center center !important}}<\/style><div class=\"stk-row stk-inner-blocks stk-block-content stk-content-align stk-92bc038-column alignfull\">\n<div class=\"wp-block-stackable-column stk-block-column stk-column stk-block stk-b9d674c\" data-v=\"4\" data-block-id=\"b9d674c\"><style>.stk-b9d674c-container{min-height:100vh !important}@media screen and (max-width:689px){.stk-b9d674c-container{min-height:225px !important}}<\/style><div class=\"stk-column-wrapper stk-block-column__content stk-container stk-b9d674c-container stk--no-background stk--no-padding\"><div class=\"stk-block-content stk-inner-blocks stk-b9d674c-inner-blocks\">\n<div class=\"wp-block-stackable-heading stk-block-heading stk--hide-mobile stk-block-heading--v2 stk-block stk-0dc50a5 animated backInUp\" id=\"partenaires\" data-block-id=\"0dc50a5\"><style>.stk-0dc50a5{margin-top:124px !important}.stk-0dc50a5 .stk-block-heading__text{color:var(--theme-palette-color-5,#ffffff) !important}@media screen and (max-width:689px){.stk-0dc50a5 .stk-block-heading__text{font-size:38px !important}}<\/style><h2 class=\"stk-block-heading__text has-text-color has-text-align-center\">PARTNER<\/h2><\/div>\n<\/div><\/div><\/div>\n<\/div><\/div>\n\n\n\n<div class=\"wp-block-stackable-columns alignfull stk-block-columns stk-block stk-04e55f8 stk-block-background\" data-block-id=\"04e55f8\"><style>.stk-04e55f8{background-color:var(--theme-palette-color-3,#FF3D00) !important;margin-bottom:0px !important}.stk-04e55f8:before{background-color:var(--theme-palette-color-3,#FF3D00) !important}<\/style><div class=\"stk-row stk-inner-blocks stk-block-content stk-content-align stk-04e55f8-column alignfull\">\n<div class=\"wp-block-stackable-column stk-block-column stk-column stk-block stk-68f9fd7\" data-v=\"4\" data-block-id=\"68f9fd7\"><style>.stk-68f9fd7{padding-top:55px !important;padding-right:55px !important;padding-bottom:55px !important;padding-left:55px !important}@media screen and (max-width:689px){.stk-68f9fd7{padding-top:11px !important;padding-right:11px !important;padding-bottom:11px !important;padding-left:11px !important}}<\/style><div class=\"stk-column-wrapper stk-block-column__content stk-container stk-68f9fd7-container stk--no-background stk--no-padding\"><div class=\"stk-block-content stk-inner-blocks stk-68f9fd7-inner-blocks\">\n<div class=\"wp-block-stackable-heading stk-block-heading stk-block-heading--v2 stk-block stk-783894a animated fadeInUp\" id=\"je-deviens-br-partenaire\" data-block-id=\"783894a\"><style>.stk-783894a .stk-block-heading__text{color:var(--theme-palette-color-1,#FFC700) !important}@media screen and (max-width:689px){.stk-783894a .stk-block-heading__text{font-size:39px !important;line-height:1em !important}}<\/style><h3 class=\"stk-block-heading__text has-text-color has-text-align-center has-text-align-center-mobile\">WARUM PARTNER<br>WERDEN?<\/h3><\/div>\n\n\n\n<div class=\"wp-block-stackable-text stk-block-text stk-block stk-f0d93b5 animated fadeInUp\" data-block-id=\"f0d93b5\"><style>.stk-f0d93b5 .stk-block-text__text{color:var(--theme-palette-color-8,#ffffff) !important}@media screen and (max-width:689px){.stk-f0d93b5 .stk-block-text__text{font-size:15px !important}}<\/style><p class=\"stk-block-text__text has-text-color has-text-align-center\">Viele Partner haben sich f\u00fcr dieses herausragende europ\u00e4ische Projekt zusammengeschlossen und bilden ein Konsortium aus Organisationen, die sich f\u00fcr die F\u00f6rderung von Berufen und die berufliche Integration von Jugendlichen im Oberrheingebiet einsetzen.<\/p><\/div>\n\n\n\n<div class=\"wp-block-stackable-button-group stk-block-button-group stk-block stk-10fed2f\" data-block-id=\"10fed2f\"><div class=\"stk-row stk-inner-blocks has-text-align-space-around stk-block-content stk-button-group\">\n<div class=\"wp-block-stackable-button stk-block-button has-text-align-center is-style-plain animated fadeInUp stk-block stk-87eac29\" data-block-id=\"87eac29\"><style>.stk-87eac29{border-top-left-radius:50px !important;border-top-right-radius:50px !important;border-bottom-right-radius:50px !important;border-bottom-left-radius:50px !important;overflow:hidden !important;border-style:solid !important;border-color:var(--theme-palette-color-5,#ffffff) !important}.stk-87eac29 .stk-button{padding-top:2px !important;padding-right:31px !important;padding-bottom:2px !important;padding-left:31px !important;background:transparent !important}.stk-87eac29 .stk-button:hover:after{background:transparent !important;opacity:1 !important}:where(.stk-hover-parent:hover,.stk-hover-parent.stk--is-hovered) .stk-87eac29 .stk-button:after{background:transparent !important;opacity:1 !important}.stk-87eac29 .stk-button__inner-text{color:var(--theme-palette-color-5,#ffffff) !important}<\/style><a class=\"stk-link stk-button stk--hover-effect-darken\" href=\"https:\/\/europascene.eu\/de\/contact\/\"><span class=\"has-text-color stk-button__inner-text\">ICH WILL PARTNER WERDEN<\/span><\/a><\/div>\n<\/div><\/div>\n<\/div><\/div><\/div>\n<\/div><\/div>\n\n\n\n<div class=\"wp-block-stackable-columns alignfull stk-block-columns stk-block stk-709c6b2 stk-block-background\" data-block-id=\"709c6b2\"><style>.stk-709c6b2{background-color:var(--theme-palette-color-2,#0038FF) !important;padding-top:0px !important;padding-right:0px !important;padding-bottom:0px !important;padding-left:0px !important;margin-bottom:0px !important}.stk-709c6b2:before{background-color:var(--theme-palette-color-2,#0038FF) !important}<\/style><div class=\"stk-row stk-inner-blocks stk-block-content stk-content-align stk-709c6b2-column alignfull\">\n<div class=\"wp-block-stackable-column stk-block-column stk-column stk-block stk-7af92c7\" data-v=\"4\" data-block-id=\"7af92c7\"><style>.stk-7af92c7{align-items:center !important;padding-top:3em !important;padding-right:3em !important;padding-bottom:3em !important;padding-left:3em !important;display:flex !important}@media screen and (max-width:999px){.stk-7af92c7{padding-top:1em !important;padding-right:1em !important;padding-bottom:1em !important;padding-left:1em !important}}<\/style><div class=\"stk-column-wrapper stk-block-column__content stk-container stk-7af92c7-container stk--no-background stk--no-padding\"><div class=\"stk-block-content stk-inner-blocks stk-7af92c7-inner-blocks\">\n<div class=\"wp-block-stackable-heading stk-block-heading stk-block-heading--v2 stk-block stk-655890d animated fadeInLeft\" id=\"a-propos-br-dinterreg\" data-block-id=\"655890d\"><style>.stk-655890d .stk-block-heading__text{color:var(--theme-palette-color-5,#ffffff) !important}@media screen and (max-width:999px){.stk-655890d .stk-block-heading__text{font-size:46px !important;line-height:1em !important}}@media screen and (max-width:689px){.stk-655890d .stk-block-heading__text{font-size:39px !important}}<\/style><h3 class=\"stk-block-heading__text has-text-color has-text-align-left has-text-align-center-mobile\">WAS IST<br>INTERREG?<\/h3><\/div>\n\n\n\n<div class=\"wp-block-stackable-text stk-block-text stk-block stk-cdc0ed2 animated fadeInLeft\" data-block-id=\"cdc0ed2\"><style>.stk-cdc0ed2 .stk-block-text__text{color:var(--theme-palette-color-8,#ffffff) !important}@media screen and (max-width:999px){.stk-cdc0ed2 .stk-block-text__text{font-size:18px !important}}@media screen and (max-width:689px){.stk-cdc0ed2 .stk-block-text__text{font-size:15px !important}}<\/style><p class=\"stk-block-text__text has-text-color has-text-align-left has-text-align-center-mobile\">Interreg ist ein von der <strong>Europ\u00e4ischen Union gef\u00f6rdertes regionales Programm<\/strong> das seit 1989 Initiativen zur grenz\u00fcberschreitenden Zusammenarbeit im franz\u00f6sisch-deutsch-schweizerischen Oberrheingebiet unterst\u00fctzt. Diese Region erstreckt sich \u00fcber 350 Kilometer entlang des Rheins und umfasst das Elsass, die S\u00fcdpfalz, Teile von Baden sowie die f\u00fcnf Kantone der Nordwestschweiz. <br><br><strong>Seit Januar 2024 z\u00e4hlt EuropaSc\u00e8ne zu den herausragenden Projekten, die durch das INTERREG-Programm finanziert werden.<\/strong><\/p><\/div>\n<\/div><\/div><\/div>\n\n\n\n<div class=\"wp-block-stackable-column stk-block-column stk-column stk--hide-mobile stk-block stk-d53af32 stk-block-background stk--has-background-overlay\" data-v=\"4\" data-block-id=\"d53af32\"><style>.stk-d53af32{background-image:url(https:\/\/europascene.eu\/wp-content\/uploads\/2024\/03\/interreg_illustration.png) !important}.stk-d53af32-container{min-height:700px !important}@media screen and (max-width:689px){.stk-d53af32-container{min-height:200px !important}}<\/style><div class=\"stk-column-wrapper stk-block-column__content stk-container stk-d53af32-container stk--no-background stk--no-padding\"><div class=\"stk-block-content stk-inner-blocks stk-d53af32-inner-blocks\"><\/div><\/div><\/div>\n<\/div><\/div>\n\n\n\n<div class=\"wp-block-stackable-columns alignfull stk-block-columns stk-block stk-5b2ff98 stk-block-background\" data-block-id=\"5b2ff98\"><style>.stk-5b2ff98{background-color:var(--theme-palette-color-5,#ffffff) !important;padding-top:40px !important;padding-right:0px !important;padding-bottom:0px !important;padding-left:0px !important;margin-bottom:0px !important}.stk-5b2ff98:before{background-color:var(--theme-palette-color-5,#ffffff) !important}.stk-5b2ff98-column{--stk-column-gap:0px !important}@media screen and (max-width:689px){.stk-5b2ff98{padding-right:0px !important;padding-left:0px !important}}<\/style><div class=\"stk-row stk-inner-blocks stk-block-content stk-content-align stk-5b2ff98-column alignfull\">\n<div class=\"wp-block-stackable-column stk-block-column stk-column stk-block stk-93dfff1\" data-v=\"4\" data-block-id=\"93dfff1\"><style>.stk-93dfff1{align-self:stretch !important;align-items:center !important;padding-top:0px !important;padding-right:0px !important;padding-bottom:0px !important;padding-left:0px !important;display:flex !important}.stk-93dfff1-inner-blocks{justify-content:space-around !important}<\/style><div class=\"stk-column-wrapper stk-block-column__content stk-container stk-93dfff1-container stk--no-background stk--no-padding\"><div class=\"has-text-align-center stk--column-flex stk-block-content stk-inner-blocks stk-93dfff1-inner-blocks\">\n<div class=\"wp-block-stackable-heading stk-block-heading stk-block-heading--v2 stk-block stk-c310c51\" id=\"partenaires-co-financeurs\" data-block-id=\"c310c51\"><style>@media screen and (max-width:999px){.stk-c310c51 .stk-block-heading__text{font-size:55px !important;line-height:1em !important}}@media screen and (max-width:689px){.stk-c310c51 .stk-block-heading__text{font-size:32px !important;line-height:1em !important}}<\/style><h2 class=\"stk-block-heading__text\">KOFINANZIERENDE PROJEKTPARTNER<\/h2><\/div>\n\n\n\n<div class=\"wp-block-stackable-image stk-block-image stk-block stk-22f4cc7\" data-block-id=\"22f4cc7\"><style>.stk-22f4cc7{margin-bottom:0px !important}<\/style><figure><span class=\"stk-img-wrapper stk-image--shape-stretch\"><img loading=\"lazy\" decoding=\"async\" class=\"stk-img wp-image-556\" src=\"https:\/\/europascene.eu\/wp-content\/uploads\/2024\/04\/LOGOS_PARTENAIRES_SITE_EPP_2@3x-100-scaled.jpg\" width=\"2560\" height=\"627\" srcset=\"https:\/\/europascene.eu\/wp-content\/uploads\/2024\/04\/LOGOS_PARTENAIRES_SITE_EPP_2@3x-100-scaled.jpg 2560w, https:\/\/europascene.eu\/wp-content\/uploads\/2024\/04\/LOGOS_PARTENAIRES_SITE_EPP_2@3x-100-300x74.jpg 300w, https:\/\/europascene.eu\/wp-content\/uploads\/2024\/04\/LOGOS_PARTENAIRES_SITE_EPP_2@3x-100-1024x251.jpg 1024w, https:\/\/europascene.eu\/wp-content\/uploads\/2024\/04\/LOGOS_PARTENAIRES_SITE_EPP_2@3x-100-768x188.jpg 768w, https:\/\/europascene.eu\/wp-content\/uploads\/2024\/04\/LOGOS_PARTENAIRES_SITE_EPP_2@3x-100-1536x376.jpg 1536w, https:\/\/europascene.eu\/wp-content\/uploads\/2024\/04\/LOGOS_PARTENAIRES_SITE_EPP_2@3x-100-2048x502.jpg 2048w, https:\/\/europascene.eu\/wp-content\/uploads\/2024\/04\/LOGOS_PARTENAIRES_SITE_EPP_2@3x-100-18x4.jpg 18w\" sizes=\"auto, (max-width: 2560px) 100vw, 2560px\" \/><\/span><\/figure><\/div>\n<\/div><\/div><\/div>\n<\/div><\/div>\n\n\n\n<div class=\"wp-block-stackable-columns alignfull stk-block-columns stk-block stk-4d5befa stk-block-background\" data-block-id=\"4d5befa\"><style>.stk-4d5befa{background-color:var(--theme-palette-color-5,#ffffff) !important;padding-top:20px !important;padding-right:0px !important;padding-bottom:0px !important;padding-left:0px !important;margin-bottom:0px !important}.stk-4d5befa:before{background-color:var(--theme-palette-color-5,#ffffff) !important}.stk-4d5befa-column{--stk-column-gap:0px !important}@media screen and (max-width:689px){.stk-4d5befa{padding-right:0px !important;padding-left:0px !important}}<\/style><div class=\"stk-row stk-inner-blocks stk-block-content stk-content-align stk-4d5befa-column alignfull\">\n<div class=\"wp-block-stackable-column stk-block-column stk-column stk-block stk-5992f4d\" data-v=\"4\" data-block-id=\"5992f4d\"><style>.stk-5992f4d{align-self:stretch !important;align-items:center !important;display:flex !important}.stk-5992f4d-inner-blocks{justify-content:space-around !important}<\/style><div class=\"stk-column-wrapper stk-block-column__content stk-container stk-5992f4d-container stk--no-background stk--no-padding\"><div class=\"has-text-align-center stk--column-flex stk-block-content stk-inner-blocks stk-5992f4d-inner-blocks\">\n<div class=\"wp-block-stackable-heading stk-block-heading stk-block-heading--v2 stk-block stk-3bf43f7\" id=\"partenaires-associes\" data-block-id=\"3bf43f7\"><style>@media screen and (max-width:999px){.stk-3bf43f7 .stk-block-heading__text{font-size:55px !important;line-height:1em !important}}@media screen and (max-width:689px){.stk-3bf43f7{padding-bottom:10px !important}.stk-3bf43f7 .stk-block-heading__text{font-size:32px !important;line-height:1em !important}}<\/style><h2 class=\"stk-block-heading__text\">ASSOZIIERTE PROJEKTPARTNER<\/h2><\/div>\n\n\n\n<div class=\"wp-block-stackable-image stk-block-image stk-block stk-02ea920\" data-block-id=\"02ea920\"><figure><span class=\"stk-img-wrapper stk-image--shape-stretch\"><img loading=\"lazy\" decoding=\"async\" class=\"stk-img wp-image-557\" src=\"https:\/\/europascene.eu\/wp-content\/uploads\/2024\/04\/LOGOS_PARTENAIRES_SITE_EPP_3@3x-100-scaled.jpg\" width=\"2560\" height=\"619\" srcset=\"https:\/\/europascene.eu\/wp-content\/uploads\/2024\/04\/LOGOS_PARTENAIRES_SITE_EPP_3@3x-100-scaled.jpg 2560w, https:\/\/europascene.eu\/wp-content\/uploads\/2024\/04\/LOGOS_PARTENAIRES_SITE_EPP_3@3x-100-300x73.jpg 300w, https:\/\/europascene.eu\/wp-content\/uploads\/2024\/04\/LOGOS_PARTENAIRES_SITE_EPP_3@3x-100-1024x248.jpg 1024w, https:\/\/europascene.eu\/wp-content\/uploads\/2024\/04\/LOGOS_PARTENAIRES_SITE_EPP_3@3x-100-768x186.jpg 768w, https:\/\/europascene.eu\/wp-content\/uploads\/2024\/04\/LOGOS_PARTENAIRES_SITE_EPP_3@3x-100-1536x371.jpg 1536w, https:\/\/europascene.eu\/wp-content\/uploads\/2024\/04\/LOGOS_PARTENAIRES_SITE_EPP_3@3x-100-2048x495.jpg 2048w, https:\/\/europascene.eu\/wp-content\/uploads\/2024\/04\/LOGOS_PARTENAIRES_SITE_EPP_3@3x-100-18x4.jpg 18w\" sizes=\"auto, (max-width: 2560px) 100vw, 2560px\" \/><\/span><\/figure><\/div>\n<\/div><\/div><\/div>\n<\/div><\/div>","protected":false},"excerpt":{"rendered":"<p>PARTENAIRES JE DEVIENSPARTENAIRE De nombreux partenaires sont r\u00e9unis autour de ce beau projet europ\u00e9en, formant un consortium de structures engag\u00e9es pour la promotion des m\u00e9tiers et l\u2019insertion professionnelle des jeunes dans le bassin rh\u00e9nan. JE DEVIENS PARTENAIRE \u00c0 PROPOSD\u2019INTERREG Interreg, c\u2019est le programme europ\u00e9en men\u00e9 en r\u00e9gion pour les acteurs locaux, qui finance depuis 1989 [&hellip;]<\/p>\n","protected":false},"author":1,"featured_media":0,"parent":0,"menu_order":0,"comment_status":"closed","ping_status":"closed","template":"","meta":{"footnotes":""},"class_list":["post-141","page","type-page","status-publish","hentry"],"blocksy_meta":[],"_links":{"self":[{"href":"https:\/\/europascene.eu\/de\/wp-json\/wp\/v2\/pages\/141","targetHints":{"allow":["GET"]}}],"collection":[{"href":"https:\/\/europascene.eu\/de\/wp-json\/wp\/v2\/pages"}],"about":[{"href":"https:\/\/europascene.eu\/de\/wp-json\/wp\/v2\/types\/page"}],"author":[{"embeddable":true,"href":"https:\/\/europascene.eu\/de\/wp-json\/wp\/v2\/users\/1"}],"replies":[{"embeddable":true,"href":"https:\/\/europascene.eu\/de\/wp-json\/wp\/v2\/comments?post=141"}],"version-history":[{"count":32,"href":"https:\/\/europascene.eu\/de\/wp-json\/wp\/v2\/pages\/141\/revisions"}],"predecessor-version":[{"id":560,"href":"https:\/\/europascene.eu\/de\/wp-json\/wp\/v2\/pages\/141\/revisions\/560"}],"wp:attachment":[{"href":"https:\/\/europascene.eu\/de\/wp-json\/wp\/v2\/media?parent=141"}],"curies":[{"name":"wp","href":"https:\/\/api.w.org\/{rel}","templated":true}]}}